{"id":2384,"date":"2024-03-20T14:31:16","date_gmt":"2024-03-20T13:31:16","guid":{"rendered":"https:\/\/residencialmalvasia.es\/qualities\/"},"modified":"2024-03-21T09:17:37","modified_gmt":"2024-03-21T08:17:37","slug":"qualities","status":"publish","type":"page","link":"https:\/\/residencialmalvasia.es\/en\/qualities\/","title":{"rendered":"Qualities"},"content":{"rendered":"\t\t<div data-elementor-type=\"wp-page\" data-elementor-id=\"2384\" class=\"elementor elementor-2384 elementor-2151\" data-elementor-post-type=\"page\">\n\t\t\t\t<div class=\"elementor-element elementor-element-6b07432 e-con-full e-flex e-con e-parent\" data-id=\"6b07432\" data-element_type=\"container\" data-settings=\"{&quot;jet_parallax_layout_list&quot;:[]}\">\n\t\t<div class=\"elementor-element elementor-element-dba96df e-con-full completo1024 e-flex e-con e-child\" data-id=\"dba96df\" data-element_type=\"container\" data-settings=\"{&quot;jet_parallax_layout_list&quot;:[]}\">\n\t\t\t\t<div class=\"elementor-element elementor-element-17bbc74 elementor-invisible elementor-widget elementor-widget-heading\" data-id=\"17bbc74\" data-element_type=\"widget\" data-settings=\"{&quot;_animation&quot;:&quot;fadeIn&quot;,&quot;_animation_delay&quot;:100}\" data-widget_type=\"heading.default\">\n\t\t\t\t<div class=\"elementor-widget-container\">\n\t\t\t\t\t<h2 class=\"elementor-heading-title elementor-size-default\">Quality specifications<\/h2>\t\t\t\t<\/div>\n\t\t\t\t<\/div>\n\t\t\t\t<div class=\"elementor-element elementor-element-3b46e7e elementor-invisible elementor-widget elementor-widget-heading\" data-id=\"3b46e7e\" data-element_type=\"widget\" data-settings=\"{&quot;_animation&quot;:&quot;fadeIn&quot;}\" data-widget_type=\"heading.default\">\n\t\t\t\t<div class=\"elementor-widget-container\">\n\t\t\t\t\t<h1 class=\"elementor-heading-title elementor-size-default\">Qualities<\/h1>\t\t\t\t<\/div>\n\t\t\t\t<\/div>\n\t\t\t\t<div class=\"elementor-element elementor-element-23ff562 calidades elementor-widget elementor-widget-jet-tabs\" data-id=\"23ff562\" data-element_type=\"widget\" data-settings=\"{&quot;tabs_position&quot;:&quot;left&quot;,&quot;tabs_position_widescreen&quot;:&quot;left&quot;,&quot;tabs_position_mobile&quot;:&quot;top&quot;,&quot;tabs_position_tablet&quot;:&quot;left&quot;,&quot;no_active_tabs&quot;:&quot;false&quot;}\" data-widget_type=\"jet-tabs.default\">\n\t\t\t\t<div class=\"elementor-widget-container\">\n\t\t\t\t\t\n\t\t<div class=\"jet-tabs jet-tabs-position-left jet-tabs-move-up-effect \" data-settings=\"{&quot;activeIndex&quot;:0,&quot;event&quot;:&quot;click&quot;,&quot;autoSwitch&quot;:false,&quot;autoSwitchDelay&quot;:3000,&quot;ajaxTemplate&quot;:false,&quot;tabsPosition&quot;:&quot;left&quot;,&quot;switchScrolling&quot;:false,&quot;switchScrollingOffset&quot;:0}\">\n\t\t\t<div class=\"jet-tabs__control-wrapper \" role=\"tablist\">\n                                    <div id=\"jet-tabs-control-3771\" class=\"jet-tabs__control jet-tabs__control-icon-left elementor-menu-anchor active-tab \" data-tab=\"1\" tabindex=\"0\" role=\"tab\" aria-controls=\"jet-tabs-content-3771\" aria-expanded=\"true\" data-template-id=\"2160\"><div class=\"jet-tabs__control-inner\"><div class=\"jet-tabs__label-text\">FOUNDATION AND STRUCTURE<\/div><\/div><\/div><div id=\"jet-tabs-control-3772\" class=\"jet-tabs__control jet-tabs__control-icon-left elementor-menu-anchor  \" data-tab=\"2\" tabindex=\"0\" role=\"tab\" aria-controls=\"jet-tabs-content-3772\" aria-expanded=\"false\" data-template-id=\"2166\"><div class=\"jet-tabs__control-inner\"><div class=\"jet-tabs__label-text\">FACADES AND PARTITION WALLS<\/div><\/div><\/div><div id=\"jet-tabs-control-3773\" class=\"jet-tabs__control jet-tabs__control-icon-left elementor-menu-anchor  \" data-tab=\"3\" tabindex=\"0\" role=\"tab\" aria-controls=\"jet-tabs-content-3773\" aria-expanded=\"false\" data-template-id=\"2187\"><div class=\"jet-tabs__control-inner\"><div class=\"jet-tabs__label-text\">COVERS<\/div><\/div><\/div><div id=\"jet-tabs-control-3774\" class=\"jet-tabs__control jet-tabs__control-icon-left elementor-menu-anchor  \" data-tab=\"4\" tabindex=\"0\" role=\"tab\" aria-controls=\"jet-tabs-content-3774\" aria-expanded=\"false\" data-template-id=\"2190\"><div class=\"jet-tabs__control-inner\"><div class=\"jet-tabs__label-text\">WALLS AND CEILINGS<\/div><\/div><\/div><div id=\"jet-tabs-control-3775\" class=\"jet-tabs__control jet-tabs__control-icon-left elementor-menu-anchor  \" data-tab=\"5\" tabindex=\"0\" role=\"tab\" aria-controls=\"jet-tabs-content-3775\" aria-expanded=\"false\" data-template-id=\"2193\"><div class=\"jet-tabs__control-inner\"><div class=\"jet-tabs__label-text\">FLOORS<\/div><\/div><\/div><div id=\"jet-tabs-control-3776\" class=\"jet-tabs__control jet-tabs__control-icon-left elementor-menu-anchor  \" data-tab=\"6\" tabindex=\"0\" role=\"tab\" aria-controls=\"jet-tabs-content-3776\" aria-expanded=\"false\" data-template-id=\"2196\"><div class=\"jet-tabs__control-inner\"><div class=\"jet-tabs__label-text\">INTERIOR CARPENTRY<\/div><\/div><\/div><div id=\"jet-tabs-control-3777\" class=\"jet-tabs__control jet-tabs__control-icon-left elementor-menu-anchor  \" data-tab=\"7\" tabindex=\"0\" role=\"tab\" aria-controls=\"jet-tabs-content-3777\" aria-expanded=\"false\" data-template-id=\"2199\"><div class=\"jet-tabs__control-inner\"><div class=\"jet-tabs__label-text\">SANITARY EQUIPMENT<\/div><\/div><\/div><div id=\"jet-tabs-control-3778\" class=\"jet-tabs__control jet-tabs__control-icon-left elementor-menu-anchor  \" data-tab=\"8\" tabindex=\"0\" role=\"tab\" aria-controls=\"jet-tabs-content-3778\" aria-expanded=\"false\" data-template-id=\"2202\"><div class=\"jet-tabs__control-inner\"><div class=\"jet-tabs__label-text\">AIR CONDITIONING INSTALLATION<\/div><\/div><\/div><div id=\"jet-tabs-control-3779\" class=\"jet-tabs__control jet-tabs__control-icon-left elementor-menu-anchor  \" data-tab=\"9\" tabindex=\"0\" role=\"tab\" aria-controls=\"jet-tabs-content-3779\" aria-expanded=\"false\" data-template-id=\"2205\"><div class=\"jet-tabs__control-inner\"><div class=\"jet-tabs__label-text\">ELECTRICAL INSTALLATION<\/div><\/div><\/div><div id=\"jet-tabs-control-37710\" class=\"jet-tabs__control jet-tabs__control-icon-left elementor-menu-anchor  \" data-tab=\"10\" tabindex=\"0\" role=\"tab\" aria-controls=\"jet-tabs-content-37710\" aria-expanded=\"false\" data-template-id=\"2208\"><div class=\"jet-tabs__control-inner\"><div class=\"jet-tabs__label-text\">EXTERIOR CARPENTRY<\/div><\/div><\/div><div id=\"jet-tabs-control-37711\" class=\"jet-tabs__control jet-tabs__control-icon-left elementor-menu-anchor  \" data-tab=\"11\" tabindex=\"0\" role=\"tab\" aria-controls=\"jet-tabs-content-37711\" aria-expanded=\"false\" data-template-id=\"2211\"><div class=\"jet-tabs__control-inner\"><div class=\"jet-tabs__label-text\">PLUMBING INSTALLATION<\/div><\/div><\/div><div id=\"jet-tabs-control-37712\" class=\"jet-tabs__control jet-tabs__control-icon-left elementor-menu-anchor  \" data-tab=\"12\" tabindex=\"0\" role=\"tab\" aria-controls=\"jet-tabs-content-37712\" aria-expanded=\"false\" data-template-id=\"2214\"><div class=\"jet-tabs__control-inner\"><div class=\"jet-tabs__label-text\">PAINTS<\/div><\/div><\/div><div id=\"jet-tabs-control-37713\" class=\"jet-tabs__control jet-tabs__control-icon-left elementor-menu-anchor  \" data-tab=\"13\" tabindex=\"0\" role=\"tab\" aria-controls=\"jet-tabs-content-37713\" aria-expanded=\"false\" data-template-id=\"2217\"><div class=\"jet-tabs__control-inner\"><div class=\"jet-tabs__label-text\">EQUIPMENT<\/div><\/div><\/div>\n                    \t\t\t    <\/div>\n\t\t\t<div class=\"jet-tabs__content-wrapper\">\n\t\t\t\t<div id=\"jet-tabs-content-3771\" class=\"jet-tabs__content active-content\" data-tab=\"1\" role=\"tabpanel\" aria-hidden=\"false\" data-template-id=\"2160\">\t\t<div data-elementor-type=\"section\" data-elementor-id=\"2386\" class=\"elementor elementor-2386 elementor-2160\" data-elementor-post-type=\"elementor_library\">\n\t\t\t<div class=\"elementor-element elementor-element-f0fbed6 e-flex e-con-boxed e-con e-parent\" data-id=\"f0fbed6\" data-element_type=\"container\" data-settings=\"{&quot;jet_parallax_layout_list&quot;:[]}\">\n\t\t\t\t\t<div class=\"e-con-inner\">\n\t\t\t\t<div class=\"elementor-element elementor-element-42cb45a elementor-widget elementor-widget-text-editor\" data-id=\"42cb45a\" data-element_type=\"widget\" data-widget_type=\"text-editor.default\">\n\t\t\t\t<div class=\"elementor-widget-container\">\n\t\t\t\t\t\t\t\t\t<p>Reinforced concrete slab foundation. The building will be built with a reinforced concrete structure executed in accordance with current regulations (Structural Code 2021 and NCSE-02).<\/p>\n\t\t\t\t\t\t\t\t<\/div>\n\t\t\t\t<\/div>\n\t\t\t\t\t<\/div>\n\t\t\t\t<\/div>\n\t\t\t\t<\/div>\n\t\t<\/div><div id=\"jet-tabs-content-3772\" class=\"jet-tabs__content \" data-tab=\"2\" role=\"tabpanel\" aria-hidden=\"true\" data-template-id=\"2166\">\t\t<div data-elementor-type=\"section\" data-elementor-id=\"2388\" class=\"elementor elementor-2388 elementor-2166\" data-elementor-post-type=\"elementor_library\">\n\t\t\t<div class=\"elementor-element elementor-element-801be97 e-flex e-con-boxed e-con e-parent\" data-id=\"801be97\" data-element_type=\"container\" data-settings=\"{&quot;jet_parallax_layout_list&quot;:[]}\">\n\t\t\t\t\t<div class=\"e-con-inner\">\n\t\t\t\t<div class=\"elementor-element elementor-element-0b813d8 elementor-widget elementor-widget-text-editor\" data-id=\"0b813d8\" data-element_type=\"widget\" data-widget_type=\"text-editor.default\">\n\t\t\t\t<div class=\"elementor-widget-container\">\n\t\t\t\t\t\t\t\t\t<p>Fa\u00e7ade composed of \u00bd foot perforated brick masonry with single layer cement mortar and exterior smooth stone paint, air chamber with 50 mm rock wool and interior lining of double 13+13 mm plasterboard. Plastic paint.<\/p>\n<p>Separation between dwellings formed by \u00bd foot of perforated brick and rock wool and double plasterboard 13+13 mm (CTE DB HR).<\/p>\n<p>Interior partition walls of double plasterboard 13+13 mm on both sides and rock wool interior 50 mm. Total thickness 10 cm (CTE DB HR).<\/p>\n<p>Coating of walls and walls of stairs\/platforms with single-layer cement mortar and exterior smooth stone paint.<\/p>\n\t\t\t\t\t\t\t\t<\/div>\n\t\t\t\t<\/div>\n\t\t\t\t\t<\/div>\n\t\t\t\t<\/div>\n\t\t\t\t<\/div>\n\t\t<\/div><div id=\"jet-tabs-content-3773\" class=\"jet-tabs__content \" data-tab=\"3\" role=\"tabpanel\" aria-hidden=\"true\" data-template-id=\"2187\">\t\t<div data-elementor-type=\"section\" data-elementor-id=\"2390\" class=\"elementor elementor-2390 elementor-2187\" data-elementor-post-type=\"elementor_library\">\n\t\t\t<div class=\"elementor-element elementor-element-3b5c2e8 e-flex e-con-boxed e-con e-parent\" data-id=\"3b5c2e8\" data-element_type=\"container\" data-settings=\"{&quot;jet_parallax_layout_list&quot;:[]}\">\n\t\t\t\t\t<div class=\"e-con-inner\">\n\t\t\t\t<div class=\"elementor-element elementor-element-b7e4527 elementor-widget elementor-widget-text-editor\" data-id=\"b7e4527\" data-element_type=\"widget\" data-widget_type=\"text-editor.default\">\n\t\t\t\t<div class=\"elementor-widget-container\">\n\t\t\t\t\t\t\t\t\t<p>General roofing of the houses by means of a non-trafficable inverted roof system with thermal insulation according to CTE and finished in gravel in the tower and in ceramic pavement on plots or artificial turf on the pool deck.<\/p>\n\t\t\t\t\t\t\t\t<\/div>\n\t\t\t\t<\/div>\n\t\t\t\t\t<\/div>\n\t\t\t\t<\/div>\n\t\t\t\t<\/div>\n\t\t<\/div><div id=\"jet-tabs-content-3774\" class=\"jet-tabs__content \" data-tab=\"4\" role=\"tabpanel\" aria-hidden=\"true\" data-template-id=\"2190\">\t\t<div data-elementor-type=\"section\" data-elementor-id=\"2392\" class=\"elementor elementor-2392 elementor-2190\" data-elementor-post-type=\"elementor_library\">\n\t\t\t<div class=\"elementor-element elementor-element-2678c24 e-flex e-con-boxed e-con e-parent\" data-id=\"2678c24\" data-element_type=\"container\" data-settings=\"{&quot;jet_parallax_layout_list&quot;:[]}\">\n\t\t\t\t\t<div class=\"e-con-inner\">\n\t\t\t\t<div class=\"elementor-element elementor-element-1696279 elementor-widget elementor-widget-text-editor\" data-id=\"1696279\" data-element_type=\"widget\" data-widget_type=\"text-editor.default\">\n\t\t\t\t<div class=\"elementor-widget-container\">\n\t\t\t\t\t\t\t\t\t<p>\u2022 Plasterboard and smooth white plastic paint Alprosan.<br \/>\u2022 In bathrooms ARGENTA PALCO IVORY 30x90cm.<br \/>\u2022 False ceiling plasterboard 12 mm, smooth plastic paint and false ceiling registrable 60&#215;60 in secondary bathrooms to locate air conditioning machinery.<\/p>\n\t\t\t\t\t\t\t\t<\/div>\n\t\t\t\t<\/div>\n\t\t\t\t\t<\/div>\n\t\t\t\t<\/div>\n\t\t\t\t<\/div>\n\t\t<\/div><div id=\"jet-tabs-content-3775\" class=\"jet-tabs__content \" data-tab=\"5\" role=\"tabpanel\" aria-hidden=\"true\" data-template-id=\"2193\">\t\t<div data-elementor-type=\"section\" data-elementor-id=\"2394\" class=\"elementor elementor-2394 elementor-2193\" data-elementor-post-type=\"elementor_library\">\n\t\t\t<div class=\"elementor-element elementor-element-4f8ddc3 e-flex e-con-boxed e-con e-parent\" data-id=\"4f8ddc3\" data-element_type=\"container\" data-settings=\"{&quot;jet_parallax_layout_list&quot;:[]}\">\n\t\t\t\t\t<div class=\"e-con-inner\">\n\t\t\t\t<div class=\"elementor-element elementor-element-a05d888 elementor-widget elementor-widget-text-editor\" data-id=\"a05d888\" data-element_type=\"widget\" data-widget_type=\"text-editor.default\">\n\t\t\t\t<div class=\"elementor-widget-container\">\n\t\t\t\t\t\t\t\t\t<p>Interior flooring of the house Rectified stoneware ARGENTA CLASH BEECH 20&#215;120. On terraces, same anti-slip material (Class 3).<\/p>\n<p>ARGENTA PALCO IVORY 60&#215;60 rectified stoneware bathroom floor tiles. <\/p>\n<p>Common areas with steps of White Macael Marble 60&#215;30 cm.<\/p>\n<p>Swimming pool area with ceramic pavement on plots 30x120x2 or artificial grass.<\/p>\n\t\t\t\t\t\t\t\t<\/div>\n\t\t\t\t<\/div>\n\t\t\t\t\t<\/div>\n\t\t\t\t<\/div>\n\t\t\t\t<\/div>\n\t\t<\/div><div id=\"jet-tabs-content-3776\" class=\"jet-tabs__content \" data-tab=\"6\" role=\"tabpanel\" aria-hidden=\"true\" data-template-id=\"2196\">\t\t<div data-elementor-type=\"section\" data-elementor-id=\"2399\" class=\"elementor elementor-2399 elementor-2196\" data-elementor-post-type=\"elementor_library\">\n\t\t\t<div class=\"elementor-element elementor-element-c556cdf e-flex e-con-boxed e-con e-parent\" data-id=\"c556cdf\" data-element_type=\"container\" data-settings=\"{&quot;jet_parallax_layout_list&quot;:[]}\">\n\t\t\t\t\t<div class=\"e-con-inner\">\n\t\t\t\t<div class=\"elementor-element elementor-element-c01a761 elementor-widget elementor-widget-text-editor\" data-id=\"c01a761\" data-element_type=\"widget\" data-widget_type=\"text-editor.default\">\n\t\t\t\t<div class=\"elementor-widget-container\">\n\t\t\t\t\t\t\t\t\t<ul>\n<li>Smooth white lacquered hinged doors.<\/li>\n<li>SCRIGNO type sliding doors lacquered in white.<\/li>\n<li>White armored entrance door to the house.<\/li>\n<li>Cabinet fronts smooth in white lacquered wood.<\/li>\n<li>Chrome-plated hardware.<\/li>\n<\/ul>\n\t\t\t\t\t\t\t\t<\/div>\n\t\t\t\t<\/div>\n\t\t\t\t\t<\/div>\n\t\t\t\t<\/div>\n\t\t\t\t<\/div>\n\t\t<\/div><div id=\"jet-tabs-content-3777\" class=\"jet-tabs__content \" data-tab=\"7\" role=\"tabpanel\" aria-hidden=\"true\" data-template-id=\"2199\">\t\t<div data-elementor-type=\"section\" data-elementor-id=\"2396\" class=\"elementor elementor-2396 elementor-2199\" data-elementor-post-type=\"elementor_library\">\n\t\t\t<div class=\"elementor-element elementor-element-14314ad e-flex e-con-boxed e-con e-parent\" data-id=\"14314ad\" data-element_type=\"container\" data-settings=\"{&quot;jet_parallax_layout_list&quot;:[]}\">\n\t\t\t\t\t<div class=\"e-con-inner\">\n\t\t\t\t<div class=\"elementor-element elementor-element-2a9cb41 elementor-widget elementor-widget-text-editor\" data-id=\"2a9cb41\" data-element_type=\"widget\" data-widget_type=\"text-editor.default\">\n\t\t\t\t<div class=\"elementor-widget-container\">\n\t\t\t\t\t\t\t\t\t<p><strong>MAIN BATHROOM<\/strong><\/p>\n<ul>\n<li>Washbasin with cabinet PACK VICTORIA BASIC FRESNO NORDIC.<\/li>\n<li>Toilet ROCA model THE GAP.<\/li>\n<li>Shower tray model TERRAIN of ROCA.<\/li>\n<li>DRAKO faucet model by RAM\u00d3N SOLER.<\/li>\n<\/ul>\n<p><strong>SECONDARY BATHROOM<\/strong><\/p>\n<ul>\n<li>Washbasin with cabinet PACK VICTORIA BASIC FRESNO NORDIC.<\/li>\n<li>Toilet ROCA model THE GAP.<\/li>\n<li>Shower tray model TERRAIN of ROCA.<\/li>\n<li>DRAKO faucet model by RAM\u00d3N SOLER.<\/li>\n<\/ul>\n\t\t\t\t\t\t\t\t<\/div>\n\t\t\t\t<\/div>\n\t\t\t\t\t<\/div>\n\t\t\t\t<\/div>\n\t\t\t\t<\/div>\n\t\t<\/div><div id=\"jet-tabs-content-3778\" class=\"jet-tabs__content \" data-tab=\"8\" role=\"tabpanel\" aria-hidden=\"true\" data-template-id=\"2202\">\t\t<div data-elementor-type=\"section\" data-elementor-id=\"2401\" class=\"elementor elementor-2401 elementor-2202\" data-elementor-post-type=\"elementor_library\">\n\t\t\t<div class=\"elementor-element elementor-element-6f0328b e-flex e-con-boxed e-con e-parent\" data-id=\"6f0328b\" data-element_type=\"container\" data-settings=\"{&quot;jet_parallax_layout_list&quot;:[]}\">\n\t\t\t\t\t<div class=\"e-con-inner\">\n\t\t\t\t<div class=\"elementor-element elementor-element-6b78fb4 elementor-widget elementor-widget-text-editor\" data-id=\"6b78fb4\" data-element_type=\"widget\" data-widget_type=\"text-editor.default\">\n\t\t\t\t<div class=\"elementor-widget-container\">\n\t\t\t\t\t\t\t\t\t<ul>\n<li>The houses have pre-installation for air conditioning, with provision for installation of the exterior machines on the roof and the interior ones on a 60&#215;60 removable false ceiling located in the secondary bathrooms.<\/li>\n<li>Air ducts by climaver plus and supply and return grilles in anodized aluminum.<\/li>\n<li>Sanitary hot water by means of heat pump (Aerothermal) (CTE) individualized, with accumulator tank of 80 liters.<\/li>\n<\/ul>\n\t\t\t\t\t\t\t\t<\/div>\n\t\t\t\t<\/div>\n\t\t\t\t\t<\/div>\n\t\t\t\t<\/div>\n\t\t\t\t<\/div>\n\t\t<\/div><div id=\"jet-tabs-content-3779\" class=\"jet-tabs__content \" data-tab=\"9\" role=\"tabpanel\" aria-hidden=\"true\" data-template-id=\"2205\">\t\t<div data-elementor-type=\"section\" data-elementor-id=\"2403\" class=\"elementor elementor-2403 elementor-2205\" data-elementor-post-type=\"elementor_library\">\n\t\t\t<div class=\"elementor-element elementor-element-9ba5cfc e-flex e-con-boxed e-con e-parent\" data-id=\"9ba5cfc\" data-element_type=\"container\" data-settings=\"{&quot;jet_parallax_layout_list&quot;:[]}\">\n\t\t\t\t\t<div class=\"e-con-inner\">\n\t\t\t\t<div class=\"elementor-element elementor-element-cfa3388 elementor-widget elementor-widget-text-editor\" data-id=\"cfa3388\" data-element_type=\"widget\" data-widget_type=\"text-editor.default\">\n\t\t\t\t<div class=\"elementor-widget-container\">\n\t\t\t\t\t\t\t\t\t<ul>\n<li>High electrification level 9,200 W.<\/li>\n<li>White Niessen Sky mechanisms and video intercom.<\/li>\n<li>RJ-45 and TV points in living room and bedrooms.<\/li>\n<\/ul>\n\t\t\t\t\t\t\t\t<\/div>\n\t\t\t\t<\/div>\n\t\t\t\t\t<\/div>\n\t\t\t\t<\/div>\n\t\t\t\t<\/div>\n\t\t<\/div><div id=\"jet-tabs-content-37710\" class=\"jet-tabs__content \" data-tab=\"10\" role=\"tabpanel\" aria-hidden=\"true\" data-template-id=\"2208\">\t\t<div data-elementor-type=\"section\" data-elementor-id=\"2405\" class=\"elementor elementor-2405 elementor-2208\" data-elementor-post-type=\"elementor_library\">\n\t\t\t<div class=\"elementor-element elementor-element-8389f85 e-flex e-con-boxed e-con e-parent\" data-id=\"8389f85\" data-element_type=\"container\" data-settings=\"{&quot;jet_parallax_layout_list&quot;:[]}\">\n\t\t\t\t\t<div class=\"e-con-inner\">\n\t\t\t\t<div class=\"elementor-element elementor-element-61afddc elementor-widget elementor-widget-text-editor\" data-id=\"61afddc\" data-element_type=\"widget\" data-widget_type=\"text-editor.default\">\n\t\t\t\t<div class=\"elementor-widget-container\">\n\t\t\t\t\t\t\t\t\t<ul>\n<li>Exterior carpentry made of matt lacquered aluminum profiles in textured wood color and aluminum sliding shutters in the same color and wood-colored WPC ANNAPURNA slats.<\/li>\n<li>CLIMALIT glass (3+3)+10+6 (22 mm).<\/li>\n<li>STADIP 6+6mm glass in danger zones.<\/li>\n<\/ul>\n\t\t\t\t\t\t\t\t<\/div>\n\t\t\t\t<\/div>\n\t\t\t\t\t<\/div>\n\t\t\t\t<\/div>\n\t\t\t\t<\/div>\n\t\t<\/div><div id=\"jet-tabs-content-37711\" class=\"jet-tabs__content \" data-tab=\"11\" role=\"tabpanel\" aria-hidden=\"true\" data-template-id=\"2211\">\t\t<div data-elementor-type=\"section\" data-elementor-id=\"2407\" class=\"elementor elementor-2407 elementor-2211\" data-elementor-post-type=\"elementor_library\">\n\t\t\t<div class=\"elementor-element elementor-element-21ef0b6 e-flex e-con-boxed e-con e-parent\" data-id=\"21ef0b6\" data-element_type=\"container\" data-settings=\"{&quot;jet_parallax_layout_list&quot;:[]}\">\n\t\t\t\t\t<div class=\"e-con-inner\">\n\t\t\t\t<div class=\"elementor-element elementor-element-58bb4a5 elementor-widget elementor-widget-text-editor\" data-id=\"58bb4a5\" data-element_type=\"widget\" data-widget_type=\"text-editor.default\">\n\t\t\t\t<div class=\"elementor-widget-container\">\n\t\t\t\t\t\t\t\t\t<ul>\n<li>Hot and cold water pipes in polyethylene.<\/li>\n<li>Drains and downspouts soundproofed PVC (CTE).<\/li>\n<\/ul>\n\t\t\t\t\t\t\t\t<\/div>\n\t\t\t\t<\/div>\n\t\t\t\t\t<\/div>\n\t\t\t\t<\/div>\n\t\t\t\t<\/div>\n\t\t<\/div><div id=\"jet-tabs-content-37712\" class=\"jet-tabs__content \" data-tab=\"12\" role=\"tabpanel\" aria-hidden=\"true\" data-template-id=\"2214\">\t\t<div data-elementor-type=\"section\" data-elementor-id=\"2409\" class=\"elementor elementor-2409 elementor-2214\" data-elementor-post-type=\"elementor_library\">\n\t\t\t<div class=\"elementor-element elementor-element-c0e8ea8 e-flex e-con-boxed e-con e-parent\" data-id=\"c0e8ea8\" data-element_type=\"container\" data-settings=\"{&quot;jet_parallax_layout_list&quot;:[]}\">\n\t\t\t\t\t<div class=\"e-con-inner\">\n\t\t\t\t<div class=\"elementor-element elementor-element-928df89 elementor-widget elementor-widget-text-editor\" data-id=\"928df89\" data-element_type=\"widget\" data-widget_type=\"text-editor.default\">\n\t\t\t\t<div class=\"elementor-widget-container\">\n\t\t\t\t\t\t\t\t\t<ul>\n<li>Smooth plastic paint in interior of houses.<\/li>\n<li>White lacquer on wood carpentry.<\/li>\n<\/ul>\n\t\t\t\t\t\t\t\t<\/div>\n\t\t\t\t<\/div>\n\t\t\t\t\t<\/div>\n\t\t\t\t<\/div>\n\t\t\t\t<\/div>\n\t\t<\/div><div id=\"jet-tabs-content-37713\" class=\"jet-tabs__content \" data-tab=\"13\" role=\"tabpanel\" aria-hidden=\"true\" data-template-id=\"2217\">\t\t<div data-elementor-type=\"section\" data-elementor-id=\"2411\" class=\"elementor elementor-2411 elementor-2217\" data-elementor-post-type=\"elementor_library\">\n\t\t\t<div class=\"elementor-element elementor-element-34ca977 e-flex e-con-boxed e-con e-parent\" data-id=\"34ca977\" data-element_type=\"container\" data-settings=\"{&quot;jet_parallax_layout_list&quot;:[]}\">\n\t\t\t\t\t<div class=\"e-con-inner\">\n\t\t\t\t<div class=\"elementor-element elementor-element-6837684 elementor-widget elementor-widget-text-editor\" data-id=\"6837684\" data-element_type=\"widget\" data-widget_type=\"text-editor.default\">\n\t\t\t\t<div class=\"elementor-widget-container\">\n\t\t\t\t\t\t\t\t\t<ul>\n<li>Accessible elevator.<\/li>\n<li>Provision of space on the roof for the installation of photovoltaic panels.<\/li>\n<li>Swimming pool of 23m2. Finished with white stoneware and ceramic border.<\/li>\n<\/ul>\n\t\t\t\t\t\t\t\t<\/div>\n\t\t\t\t<\/div>\n\t\t\t\t\t<\/div>\n\t\t\t\t<\/div>\n\t\t\t\t<\/div>\n\t\t<\/div>\t\t\t<\/div>\n\t\t<\/div>\n\t\t\t\t\t\t<\/div>\n\t\t\t\t<\/div>\n\t\t\t\t<\/div>\n\t\t<div class=\"elementor-element elementor-element-8d14de0 e-con-full completo1024 e-flex e-con e-child\" data-id=\"8d14de0\" data-element_type=\"container\" data-settings=\"{&quot;background_background&quot;:&quot;classic&quot;,&quot;jet_parallax_layout_list&quot;:[]}\">\n\t\t\t\t<div class=\"elementor-element elementor-element-e7b0159 elementor-widget elementor-widget-spacer\" data-id=\"e7b0159\" data-element_type=\"widget\" data-widget_type=\"spacer.default\">\n\t\t\t\t<div class=\"elementor-widget-container\">\n\t\t\t\t\t\t\t<div class=\"elementor-spacer\">\n\t\t\t<div class=\"elementor-spacer-inner\"><\/div>\n\t\t<\/div>\n\t\t\t\t\t\t<\/div>\n\t\t\t\t<\/div>\n\t\t\t\t<\/div>\n\t\t\t\t<\/div>\n\t\t\t\t<\/div>\n\t\t","protected":false},"excerpt":{"rendered":"<p>Quality specifications Qualities FOUNDATION AND STRUCTUREFACADES AND PARTITION WALLSCOVERSWALLS AND CEILINGSFLOORSINTERIOR CARPENTRYSANITARY EQUIPMENTAIR CONDITIONING INSTALLATIONELECTRICAL INSTALLATIONEXTERIOR CARPENTRYPLUMBING INSTALLATIONPAINTSEQUIPMENT Cimentaci\u00f3n mediante losa de cimentaci\u00f3n de hormig\u00f3n armado. El edificio se realizar\u00e1 mediante estructura de hormig\u00f3n armado ejecutado conforme normativa vigente (C\u00f3digo Estructural 2021 y NCSE-02). Fachada compuesta por f\u00e1brica de ladrillo de \u00bd pi\u00e9 perforado con [&hellip;]<\/p>\n","protected":false},"author":2,"featured_media":0,"parent":0,"menu_order":0,"comment_status":"closed","ping_status":"closed","template":"","meta":{"footnotes":""},"class_list":["post-2384","page","type-page","status-publish","hentry"],"_links":{"self":[{"href":"https:\/\/residencialmalvasia.es\/en\/wp-json\/wp\/v2\/pages\/2384","targetHints":{"allow":["GET"]}}],"collection":[{"href":"https:\/\/residencialmalvasia.es\/en\/wp-json\/wp\/v2\/pages"}],"about":[{"href":"https:\/\/residencialmalvasia.es\/en\/wp-json\/wp\/v2\/types\/page"}],"author":[{"embeddable":true,"href":"https:\/\/residencialmalvasia.es\/en\/wp-json\/wp\/v2\/users\/2"}],"replies":[{"embeddable":true,"href":"https:\/\/residencialmalvasia.es\/en\/wp-json\/wp\/v2\/comments?post=2384"}],"version-history":[{"count":0,"href":"https:\/\/residencialmalvasia.es\/en\/wp-json\/wp\/v2\/pages\/2384\/revisions"}],"wp:attachment":[{"href":"https:\/\/residencialmalvasia.es\/en\/wp-json\/wp\/v2\/media?parent=2384"}],"curies":[{"name":"wp","href":"https:\/\/api.w.org\/{rel}","templated":true}]}}