{"id":3152,"date":"2024-08-07T13:18:38","date_gmt":"2024-08-07T11:18:38","guid":{"rendered":"https:\/\/residencialmalvasia.es\/take-care-of-your-park\/"},"modified":"2024-10-03T13:24:08","modified_gmt":"2024-10-03T11:24:08","slug":"take-care-of-your-park","status":"publish","type":"page","link":"https:\/\/residencialmalvasia.es\/en\/take-care-of-your-park\/","title":{"rendered":"Take care of your park"},"content":{"rendered":"\t\t<div data-elementor-type=\"wp-page\" data-elementor-id=\"3152\" class=\"elementor elementor-3152 elementor-2776\" data-elementor-post-type=\"page\">\n\t\t\t\t<div class=\"elementor-element elementor-element-284b5a7 e-flex e-con-boxed e-con e-parent\" data-id=\"284b5a7\" data-element_type=\"container\" data-settings=\"{&quot;jet_parallax_layout_list&quot;:[],&quot;background_background&quot;:&quot;classic&quot;}\">\n\t\t\t\t\t<div class=\"e-con-inner\">\n\t\t<div class=\"elementor-element elementor-element-7446238 e-con-full completo1024 e-flex e-con e-child\" data-id=\"7446238\" data-element_type=\"container\" data-settings=\"{&quot;jet_parallax_layout_list&quot;:[]}\">\n\t\t\t\t<div class=\"elementor-element elementor-element-32c652d elementor-invisible elementor-widget elementor-widget-heading\" data-id=\"32c652d\" data-element_type=\"widget\" data-settings=\"{&quot;_animation&quot;:&quot;fadeIn&quot;,&quot;_animation_delay&quot;:100}\" data-widget_type=\"heading.default\">\n\t\t\t\t<div class=\"elementor-widget-container\">\n\t\t\t\t\t<h1 class=\"elementor-heading-title elementor-size-default\">malvas\u00eda | Take care of your park<\/h1>\t\t\t\t<\/div>\n\t\t\t\t<\/div>\n\t\t\t\t<div class=\"elementor-element elementor-element-88f11f2 elementor-widget elementor-widget-image\" data-id=\"88f11f2\" data-element_type=\"widget\" data-widget_type=\"image.default\">\n\t\t\t\t<div class=\"elementor-widget-container\">\n\t\t\t\t\t\t\t\t\t\t\t\t\t\t\t<img fetchpriority=\"high\" decoding=\"async\" width=\"537\" height=\"231\" src=\"https:\/\/residencialmalvasia.es\/wp-content\/uploads\/2024\/08\/cuida-parque.png\" class=\"attachment-full size-full wp-image-2784\" alt=\"-\" srcset=\"https:\/\/residencialmalvasia.es\/wp-content\/uploads\/2024\/08\/cuida-parque.png 537w, https:\/\/residencialmalvasia.es\/wp-content\/uploads\/2024\/08\/cuida-parque-300x129.png 300w\" sizes=\"(max-width: 537px) 100vw, 537px\">\t\t\t\t\t\t\t\t\t\t\t\t\t\t\t<\/div>\n\t\t\t\t<\/div>\n\t\t\t\t<\/div>\n\t\t<div class=\"elementor-element elementor-element-6af72c0 e-con-full completo1024 e-flex e-con e-child\" data-id=\"6af72c0\" data-element_type=\"container\" data-settings=\"{&quot;background_background&quot;:&quot;classic&quot;,&quot;jet_parallax_layout_list&quot;:[]}\">\n\t\t\t\t<div class=\"elementor-element elementor-element-71a444b elementor-widget__width-initial elementor-invisible elementor-widget elementor-widget-text-editor\" data-id=\"71a444b\" data-element_type=\"widget\" data-settings=\"{&quot;_animation&quot;:&quot;fadeIn&quot;,&quot;_animation_delay&quot;:50}\" data-widget_type=\"text-editor.default\">\n\t\t\t\t<div class=\"elementor-widget-container\">\n\t\t\t\t\t\t\t\t\t<p>At Residencial Malvas\u00eda, we are proud to offer a dream space to live and enjoy the beauty of the Cabo de Gata-N\u00edjar Natural Park. Our development, located in a privileged environment, has been designed with sustainability and respect for the environment in mind. <\/p>\n<p>That is why we have created \u201cTake care of your park\u201d. An initiative and campaign aimed at raising awareness among our clients and visitors about the importance of keeping this wonderful natural park clean and protected. <\/p>\n\t\t\t\t\t\t\t\t<\/div>\n\t\t\t\t<\/div>\n\t\t\t\t<\/div>\n\t\t\t\t\t<\/div>\n\t\t\t\t<\/div>\n\t\t<div class=\"elementor-element elementor-element-ddb850a e-con-full e-flex e-con e-parent\" data-id=\"ddb850a\" data-element_type=\"container\" data-settings=\"{&quot;jet_parallax_layout_list&quot;:[]}\">\n\t\t\t\t<div class=\"elementor-element elementor-element-7fad46b elementor-widget-divider--view-line elementor-widget elementor-widget-divider\" data-id=\"7fad46b\" data-element_type=\"widget\" data-widget_type=\"divider.default\">\n\t\t\t\t<div class=\"elementor-widget-container\">\n\t\t\t\t\t\t\t<div class=\"elementor-divider\">\n\t\t\t<span class=\"elementor-divider-separator\">\n\t\t\t\t\t\t<\/span>\n\t\t<\/div>\n\t\t\t\t\t\t<\/div>\n\t\t\t\t<\/div>\n\t\t\t\t<\/div>\n\t\t<div class=\"elementor-element elementor-element-2866dab e-con-full e-flex e-con e-parent\" data-id=\"2866dab\" data-element_type=\"container\" data-settings=\"{&quot;background_background&quot;:&quot;classic&quot;,&quot;jet_parallax_layout_list&quot;:[]}\">\n\t\t<div class=\"elementor-element elementor-element-d04d1a6 e-con-full completo1024 e-flex e-con e-child\" data-id=\"d04d1a6\" data-element_type=\"container\" data-settings=\"{&quot;jet_parallax_layout_list&quot;:[]}\">\n\t\t\t\t<div class=\"elementor-element elementor-element-c22e3a7 elementor-invisible elementor-widget elementor-widget-heading\" data-id=\"c22e3a7\" data-element_type=\"widget\" data-settings=\"{&quot;_animation&quot;:&quot;fadeIn&quot;}\" data-widget_type=\"heading.default\">\n\t\t\t\t<div class=\"elementor-widget-container\">\n\t\t\t\t\t<h2 class=\"elementor-heading-title elementor-size-default\">Recommendations<\/h2>\t\t\t\t<\/div>\n\t\t\t\t<\/div>\n\t\t\t\t<div class=\"elementor-element elementor-element-5014d68 elementor-invisible elementor-widget elementor-widget-text-editor\" data-id=\"5014d68\" data-element_type=\"widget\" data-settings=\"{&quot;_animation&quot;:&quot;fadeIn&quot;,&quot;_animation_delay&quot;:50}\" data-widget_type=\"text-editor.default\">\n\t\t\t\t<div class=\"elementor-widget-container\">\n\t\t\t\t\t\t\t\t\t<p>We leave you some recommendations so that Cabo de Gata continues to be a natural treasure:<\/p>\n\t\t\t\t\t\t\t\t<\/div>\n\t\t\t\t<\/div>\n\t\t\t\t<\/div>\n\t\t<div class=\"elementor-element elementor-element-bbbfe6a e-con-full completo1024 e-flex e-con e-child\" data-id=\"bbbfe6a\" data-element_type=\"container\" data-settings=\"{&quot;jet_parallax_layout_list&quot;:[],&quot;background_background&quot;:&quot;classic&quot;}\">\n\t\t\t\t<\/div>\n\t\t\t\t<\/div>\n\t\t<div class=\"elementor-element elementor-element-43bd648 e-flex e-con-boxed e-con e-parent\" data-id=\"43bd648\" data-element_type=\"container\" data-settings=\"{&quot;background_background&quot;:&quot;classic&quot;,&quot;jet_parallax_layout_list&quot;:[]}\">\n\t\t\t\t\t<div class=\"e-con-inner\">\n\t\t<div class=\"elementor-element elementor-element-70c44f1 e-con-full e-flex e-con e-child\" data-id=\"70c44f1\" data-element_type=\"container\" data-settings=\"{&quot;jet_parallax_layout_list&quot;:[]}\">\n\t\t\t\t<div class=\"elementor-element elementor-element-8723cea elementor-position-left elementor-widget__width-initial elementor-view-default elementor-mobile-position-top elementor-widget elementor-widget-icon-box\" data-id=\"8723cea\" data-element_type=\"widget\" data-widget_type=\"icon-box.default\">\n\t\t\t\t<div class=\"elementor-widget-container\">\n\t\t\t\t\t\t\t<div class=\"elementor-icon-box-wrapper\">\n\n\t\t\t\t\t\t<div class=\"elementor-icon-box-icon\">\n\t\t\t\t<span  class=\"elementor-icon\">\n\t\t\t\t<svg xmlns=\"http:\/\/www.w3.org\/2000\/svg\" id=\"Capa_2\" data-name=\"Capa 2\" viewBox=\"0 0 8.27 22.79\"><defs><style>      .cls-1 {        fill: #fab849;        stroke-width: 0px;      }    <\/style><\/defs><g id=\"Capa_1-2\" data-name=\"Capa 1\"><path class=\"cls-1\" d=\"M8.27,22.79H3.98V3.37H0V0h8.27v22.79Z\"><\/path><\/g><\/svg>\t\t\t\t<\/span>\n\t\t\t<\/div>\n\t\t\t\n\t\t\t\t\t\t<div class=\"elementor-icon-box-content\">\n\n\t\t\t\t\t\t\t\t\t<h3 class=\"elementor-icon-box-title\">\n\t\t\t\t\t\t<span  >\n\t\t\t\t\t\t\tCarry a bag to collect trash: \t\t\t\t\t\t<\/span>\n\t\t\t\t\t<\/h3>\n\t\t\t\t\n\t\t\t\t\t\t\t\t\t<p class=\"elementor-icon-box-description\">\n\t\t\t\t\t\tAlways carry a bag with you to collect your trash and any other trash you find during your visit. This way you will help keep the park clean and safe for wildlife. \t\t\t\t\t<\/p>\n\t\t\t\t\n\t\t\t<\/div>\n\t\t\t\n\t\t<\/div>\n\t\t\t\t\t\t<\/div>\n\t\t\t\t<\/div>\n\t\t\t\t<div class=\"elementor-element elementor-element-4a79d41 elementor-position-left elementor-widget__width-initial elementor-view-default elementor-mobile-position-top elementor-widget elementor-widget-icon-box\" data-id=\"4a79d41\" data-element_type=\"widget\" data-widget_type=\"icon-box.default\">\n\t\t\t\t<div class=\"elementor-widget-container\">\n\t\t\t\t\t\t\t<div class=\"elementor-icon-box-wrapper\">\n\n\t\t\t\t\t\t<div class=\"elementor-icon-box-icon\">\n\t\t\t\t<span  class=\"elementor-icon\">\n\t\t\t\t<svg xmlns=\"http:\/\/www.w3.org\/2000\/svg\" id=\"Capa_2\" data-name=\"Capa 2\" viewBox=\"0 0 15.12 23.22\"><defs><style>      .cls-1 {        fill: #fab849;        stroke-width: 0px;      }    <\/style><\/defs><g id=\"Capa_1-2\" data-name=\"Capa 1\"><path class=\"cls-1\" d=\"M15.03,23.22H0v-4.26l8.27-7.73c.78-.73,1.37-1.45,1.77-2.16.4-.71.59-1.39.59-2.04,0-.86-.27-1.56-.82-2.12-.55-.56-1.25-.84-2.12-.84-.92,0-1.63.3-2.13.89s-.75,1.43-.75,2.5v.39H.31v-.06C.31,5.45,1,3.56,2.36,2.14S5.54,0,7.78,0c2.08,0,3.82.68,5.23,2.05,1.41,1.37,2.11,3.04,2.11,5.01,0,1.08-.28,2.14-.83,3.18-.55,1.03-1.41,2.07-2.57,3.1l-6.37,5.78h9.67v4.1Z\"><\/path><\/g><\/svg>\t\t\t\t<\/span>\n\t\t\t<\/div>\n\t\t\t\n\t\t\t\t\t\t<div class=\"elementor-icon-box-content\">\n\n\t\t\t\t\t\t\t\t\t<h3 class=\"elementor-icon-box-title\">\n\t\t\t\t\t\t<span  >\n\t\t\t\t\t\t\tRespect the local flora and fauna:\t\t\t\t\t\t<\/span>\n\t\t\t\t\t<\/h3>\n\t\t\t\t\n\t\t\t\t\t\t\t\t\t<p class=\"elementor-icon-box-description\">\n\t\t\t\t\t\tDo not uproot plants, do not disturb animals and take care of their natural habitats. Remember that you are visiting their home. \t\t\t\t\t<\/p>\n\t\t\t\t\n\t\t\t<\/div>\n\t\t\t\n\t\t<\/div>\n\t\t\t\t\t\t<\/div>\n\t\t\t\t<\/div>\n\t\t\t\t<div class=\"elementor-element elementor-element-815f7ce elementor-position-left elementor-widget__width-initial elementor-view-default elementor-mobile-position-top elementor-widget elementor-widget-icon-box\" data-id=\"815f7ce\" data-element_type=\"widget\" data-widget_type=\"icon-box.default\">\n\t\t\t\t<div class=\"elementor-widget-container\">\n\t\t\t\t\t\t\t<div class=\"elementor-icon-box-wrapper\">\n\n\t\t\t\t\t\t<div class=\"elementor-icon-box-icon\">\n\t\t\t\t<span  class=\"elementor-icon\">\n\t\t\t\t<svg xmlns=\"http:\/\/www.w3.org\/2000\/svg\" id=\"Capa_2\" data-name=\"Capa 2\" viewBox=\"0 0 15 23.7\"><defs><style>      .cls-1 {        fill: #fab849;        stroke-width: 0px;      }    <\/style><\/defs><g id=\"Capa_1-2\" data-name=\"Capa 1\"><path class=\"cls-1\" d=\"M0,15.94h4.26v.16c0,1.06.29,1.92.86,2.57.57.65,1.33.97,2.25.97,1.02,0,1.85-.36,2.5-1.09.64-.73.96-1.67.96-2.83s-.35-2.07-1.06-2.67c-.71-.6-1.76-.9-3.16-.9-.06,0-.17,0-.31.02-.15,0-.26.02-.33.02v-3.77c.07,0,.18,0,.31.02.13.01.23.02.3.02.95,0,1.65-.19,2.09-.56.44-.38.67-.97.67-1.78,0-.67-.17-1.19-.52-1.56-.34-.37-.83-.56-1.44-.56-.55,0-.98.19-1.29.57s-.48.92-.51,1.6H1.63c0-1.85.55-3.33,1.65-4.46,1.1-1.13,2.55-1.69,4.34-1.69,1.6,0,2.95.56,4.07,1.67,1.12,1.12,1.67,2.45,1.67,4.01,0,.93-.18,1.74-.55,2.43-.37.69-.93,1.3-1.71,1.83,1.3.58,2.28,1.39,2.92,2.4.64,1.02.96,2.27.96,3.75,0,.99-.16,1.9-.47,2.73-.31.83-.8,1.62-1.46,2.37-.78.9-1.6,1.54-2.46,1.93s-1.89.58-3.12.58c-2.35,0-4.19-.68-5.51-2.04s-1.99-3.24-1.99-5.64v-.09Z\"><\/path><\/g><\/svg>\t\t\t\t<\/span>\n\t\t\t<\/div>\n\t\t\t\n\t\t\t\t\t\t<div class=\"elementor-icon-box-content\">\n\n\t\t\t\t\t\t\t\t\t<h3 class=\"elementor-icon-box-title\">\n\t\t\t\t\t\t<span  >\n\t\t\t\t\t\t\tUse marked paths and trails: \t\t\t\t\t\t<\/span>\n\t\t\t\t\t<\/h3>\n\t\t\t\t\n\t\t\t\t\t\t\t\t\t<p class=\"elementor-icon-box-description\">\n\t\t\t\t\t\tAvoid deviating from marked paths to protect vegetation and prevent soil erosion. This also keeps you safe. \t\t\t\t\t<\/p>\n\t\t\t\t\n\t\t\t<\/div>\n\t\t\t\n\t\t<\/div>\n\t\t\t\t\t\t<\/div>\n\t\t\t\t<\/div>\n\t\t\t\t<\/div>\n\t\t<div class=\"elementor-element elementor-element-82de90e e-con-full e-flex e-con e-child\" data-id=\"82de90e\" data-element_type=\"container\" data-settings=\"{&quot;jet_parallax_layout_list&quot;:[]}\">\n\t\t\t\t<div class=\"elementor-element elementor-element-7626b80 elementor-position-left elementor-widget__width-initial elementor-view-default elementor-mobile-position-top elementor-widget elementor-widget-icon-box\" data-id=\"7626b80\" data-element_type=\"widget\" data-widget_type=\"icon-box.default\">\n\t\t\t\t<div class=\"elementor-widget-container\">\n\t\t\t\t\t\t\t<div class=\"elementor-icon-box-wrapper\">\n\n\t\t\t\t\t\t<div class=\"elementor-icon-box-icon\">\n\t\t\t\t<span  class=\"elementor-icon\">\n\t\t\t\t<svg xmlns=\"http:\/\/www.w3.org\/2000\/svg\" id=\"Capa_2\" data-name=\"Capa 2\" viewBox=\"0 0 15.84 22.79\"><defs><style>      .cls-1 {        fill: #fab849;        stroke-width: 0px;      }    <\/style><\/defs><g id=\"Capa_1-2\" data-name=\"Capa 1\"><path class=\"cls-1\" d=\"M13.92,22.79h-3.91v-3.46H0v-3.79L9.85,0h4.07v15.54h1.92v3.79h-1.92v3.46ZM10,15.54V6.03L3.94,15.54h6.06Z\"><\/path><\/g><\/svg>\t\t\t\t<\/span>\n\t\t\t<\/div>\n\t\t\t\n\t\t\t\t\t\t<div class=\"elementor-icon-box-content\">\n\n\t\t\t\t\t\t\t\t\t<h3 class=\"elementor-icon-box-title\">\n\t\t\t\t\t\t<span  >\n\t\t\t\t\t\t\tReduce the use of plastics:\t\t\t\t\t\t<\/span>\n\t\t\t\t\t<\/h3>\n\t\t\t\t\n\t\t\t\t\t\t\t\t\t<p class=\"elementor-icon-box-description\">\n\t\t\t\t\t\tTry to bring reusable water bottles and containers with you instead of plastic containers. Less plastic means less trash. \t\t\t\t\t<\/p>\n\t\t\t\t\n\t\t\t<\/div>\n\t\t\t\n\t\t<\/div>\n\t\t\t\t\t\t<\/div>\n\t\t\t\t<\/div>\n\t\t\t\t<div class=\"elementor-element elementor-element-2ee3d5b elementor-position-left elementor-widget__width-initial elementor-view-default elementor-mobile-position-top elementor-widget elementor-widget-icon-box\" data-id=\"2ee3d5b\" data-element_type=\"widget\" data-widget_type=\"icon-box.default\">\n\t\t\t\t<div class=\"elementor-widget-container\">\n\t\t\t\t\t\t\t<div class=\"elementor-icon-box-wrapper\">\n\n\t\t\t\t\t\t<div class=\"elementor-icon-box-icon\">\n\t\t\t\t<span  class=\"elementor-icon\">\n\t\t\t\t<svg xmlns=\"http:\/\/www.w3.org\/2000\/svg\" id=\"Capa_2\" data-name=\"Capa 2\" viewBox=\"0 0 16.12 23.28\"><defs><style>      .cls-1 {        fill: #fab849;        stroke-width: 0px;      }    <\/style><\/defs><g id=\"Capa_1-2\" data-name=\"Capa 1\"><path class=\"cls-1\" d=\"M13.95,0v3.95h-7.83l-.7,3.91c.47-.27.96-.47,1.49-.61.52-.14,1.07-.2,1.64-.2,2.1,0,3.88.78,5.36,2.35s2.21,3.46,2.21,5.67c0,1-.17,1.96-.52,2.87s-.86,1.75-1.53,2.51c-.8.94-1.72,1.65-2.75,2.12-1.03.47-2.14.71-3.34.71-2.16,0-3.98-.7-5.47-2.11S.19,17.95,0,15.7h4.29c.13,1.02.53,1.85,1.21,2.49.68.64,1.5.96,2.46.96,1.04,0,1.91-.39,2.61-1.17.69-.78,1.04-1.76,1.04-2.95s-.35-2.13-1.05-2.86c-.7-.72-1.62-1.09-2.77-1.09-.69,0-1.28.14-1.78.42-.5.28-.9.69-1.2,1.23l-3.79-.86L3.19,0h10.75Z\"><\/path><\/g><\/svg>\t\t\t\t<\/span>\n\t\t\t<\/div>\n\t\t\t\n\t\t\t\t\t\t<div class=\"elementor-icon-box-content\">\n\n\t\t\t\t\t\t\t\t\t<h3 class=\"elementor-icon-box-title\">\n\t\t\t\t\t\t<span  >\n\t\t\t\t\t\t\tDon't light bonfires:\t\t\t\t\t\t<\/span>\n\t\t\t\t\t<\/h3>\n\t\t\t\t\n\t\t\t\t\t\t\t\t\t<p class=\"elementor-icon-box-description\">\n\t\t\t\t\t\tCampfires are prohibited in the park due to the high risk of fire. Follow park rules regarding the use of fire. \t\t\t\t\t<\/p>\n\t\t\t\t\n\t\t\t<\/div>\n\t\t\t\n\t\t<\/div>\n\t\t\t\t\t\t<\/div>\n\t\t\t\t<\/div>\n\t\t\t\t<div class=\"elementor-element elementor-element-36c11cd elementor-position-left elementor-widget__width-initial elementor-view-default elementor-mobile-position-top elementor-widget elementor-widget-icon-box\" data-id=\"36c11cd\" data-element_type=\"widget\" data-widget_type=\"icon-box.default\">\n\t\t\t\t<div class=\"elementor-widget-container\">\n\t\t\t\t\t\t\t<div class=\"elementor-icon-box-wrapper\">\n\n\t\t\t\t\t\t<div class=\"elementor-icon-box-icon\">\n\t\t\t\t<span  class=\"elementor-icon\">\n\t\t\t\t<svg xmlns=\"http:\/\/www.w3.org\/2000\/svg\" id=\"Capa_2\" data-name=\"Capa 2\" viewBox=\"0 0 16.09 23.22\"><defs><style>      .cls-1 {        fill: #fab849;        stroke-width: 0px;      }    <\/style><\/defs><g id=\"Capa_1-2\" data-name=\"Capa 1\"><path class=\"cls-1\" d=\"M8.17,0h4.65l-5.17,7.8c.41-.09.74-.16,1-.19s.51-.05.74-.05c1.87,0,3.45.74,4.75,2.22,1.3,1.48,1.95,3.3,1.95,5.45,0,.89-.17,1.8-.52,2.72-.35.93-.83,1.75-1.43,2.46-.83.97-1.72,1.68-2.7,2.13-.98.45-2.12.67-3.42.67-1.1,0-2.13-.2-3.1-.59s-1.83-.97-2.58-1.72c-.75-.75-1.33-1.59-1.73-2.53-.4-.93-.6-1.9-.6-2.89,0-1.13.22-2.26.66-3.41s1.29-2.66,2.55-4.55L8.17,0ZM4.29,15.06c0,1.14.37,2.1,1.1,2.9s1.61,1.19,2.63,1.19c1.08,0,1.97-.37,2.67-1.1.69-.74,1.04-1.68,1.04-2.84s-.34-2.11-1.03-2.84c-.68-.74-1.56-1.1-2.62-1.1s-1.94.38-2.68,1.13c-.74.75-1.11,1.64-1.11,2.68Z\"><\/path><\/g><\/svg>\t\t\t\t<\/span>\n\t\t\t<\/div>\n\t\t\t\n\t\t\t\t\t\t<div class=\"elementor-icon-box-content\">\n\n\t\t\t\t\t\t\t\t\t<h3 class=\"elementor-icon-box-title\">\n\t\t\t\t\t\t<span  >\n\t\t\t\t\t\t\tSave water: \t\t\t\t\t\t<\/span>\n\t\t\t\t\t<\/h3>\n\t\t\t\t\n\t\t\t\t\t\t\t\t\t<p class=\"elementor-icon-box-description\">\n\t\t\t\t\t\tWater is a valuable resource, so use it sparingly. Carry enough water with you to stay hydrated and don't contaminate water sources. \t\t\t\t\t<\/p>\n\t\t\t\t\n\t\t\t<\/div>\n\t\t\t\n\t\t<\/div>\n\t\t\t\t\t\t<\/div>\n\t\t\t\t<\/div>\n\t\t\t\t<\/div>\n\t\t<div class=\"elementor-element elementor-element-d1179f1 e-con-full e-flex e-con e-child\" data-id=\"d1179f1\" data-element_type=\"container\" data-settings=\"{&quot;jet_parallax_layout_list&quot;:[]}\">\n\t\t\t\t<div class=\"elementor-element elementor-element-10e9f8b elementor-position-left elementor-widget__width-initial elementor-view-default elementor-mobile-position-top elementor-widget elementor-widget-icon-box\" data-id=\"10e9f8b\" data-element_type=\"widget\" data-widget_type=\"icon-box.default\">\n\t\t\t\t<div class=\"elementor-widget-container\">\n\t\t\t\t\t\t\t<div class=\"elementor-icon-box-wrapper\">\n\n\t\t\t\t\t\t<div class=\"elementor-icon-box-icon\">\n\t\t\t\t<span  class=\"elementor-icon\">\n\t\t\t\t<svg xmlns=\"http:\/\/www.w3.org\/2000\/svg\" id=\"Capa_2\" data-name=\"Capa 2\" viewBox=\"0 0 13.04 22.79\"><defs><style>      .cls-1 {        fill: #fab849;        stroke-width: 0px;      }    <\/style><\/defs><g id=\"Capa_1-2\" data-name=\"Capa 1\"><path class=\"cls-1\" d=\"M4.96,22.79H.41L8.91,4.01H0V0h13.04v4.23L4.96,22.79Z\"><\/path><\/g><\/svg>\t\t\t\t<\/span>\n\t\t\t<\/div>\n\t\t\t\n\t\t\t\t\t\t<div class=\"elementor-icon-box-content\">\n\n\t\t\t\t\t\t\t\t\t<h3 class=\"elementor-icon-box-title\">\n\t\t\t\t\t\t<span  >\n\t\t\t\t\t\t\tDrive responsibly:\t\t\t\t\t\t<\/span>\n\t\t\t\t\t<\/h3>\n\t\t\t\t\n\t\t\t\t\t\t\t\t\t<p class=\"elementor-icon-box-description\">\n\t\t\t\t\t\tIf you visit the park by car, please respect the speed limits and designated parking areas to avoid damaging vegetation and disturbing wildlife.\t\t\t\t\t<\/p>\n\t\t\t\t\n\t\t\t<\/div>\n\t\t\t\n\t\t<\/div>\n\t\t\t\t\t\t<\/div>\n\t\t\t\t<\/div>\n\t\t\t\t<div class=\"elementor-element elementor-element-4e0fb31 elementor-position-left elementor-widget__width-initial elementor-view-default elementor-mobile-position-top elementor-widget elementor-widget-icon-box\" data-id=\"4e0fb31\" data-element_type=\"widget\" data-widget_type=\"icon-box.default\">\n\t\t\t\t<div class=\"elementor-widget-container\">\n\t\t\t\t\t\t\t<div class=\"elementor-icon-box-wrapper\">\n\n\t\t\t\t\t\t<div class=\"elementor-icon-box-icon\">\n\t\t\t\t<span  class=\"elementor-icon\">\n\t\t\t\t<svg xmlns=\"http:\/\/www.w3.org\/2000\/svg\" id=\"Capa_2\" data-name=\"Capa 2\" viewBox=\"0 0 15.22 23.7\"><defs><style>      .cls-1 {        fill: #fab849;        stroke-width: 0px;      }    <\/style><\/defs><g id=\"Capa_1-2\" data-name=\"Capa 1\"><path class=\"cls-1\" d=\"M3.62,10.52c-.81-.5-1.45-1.14-1.89-1.92-.45-.78-.67-1.64-.67-2.57,0-1.65.63-3.07,1.89-4.25,1.26-1.18,2.79-1.78,4.59-1.78,1.89,0,3.47.58,4.74,1.75,1.27,1.16,1.9,2.6,1.9,4.31,0,.96-.22,1.82-.67,2.57-.45.75-1.11,1.38-1.99,1.89,1.25.64,2.18,1.43,2.79,2.39s.92,2.08.92,3.39c0,2.17-.72,3.95-2.15,5.33-1.44,1.38-3.29,2.07-5.57,2.07-2.14,0-3.92-.71-5.35-2.12-1.43-1.41-2.14-3.18-2.14-5.28,0-1.24.29-2.33.88-3.26.59-.93,1.5-1.77,2.73-2.51ZM4.45,16.48c0,.93.3,1.71.89,2.33.59.63,1.33.94,2.19.94.93,0,1.7-.31,2.3-.94.61-.63.91-1.41.91-2.36,0-1.01-.29-1.82-.88-2.41-.58-.59-1.37-.89-2.36-.89-.93,0-1.67.3-2.22.91-.55.61-.83,1.41-.83,2.43ZM5.48,6.18c0,.66.2,1.19.59,1.6s.9.62,1.53.62c.67,0,1.19-.2,1.57-.61s.57-.96.57-1.67c0-.67-.2-1.21-.59-1.64s-.9-.63-1.53-.63-1.14.22-1.54.65c-.4.43-.6.99-.6,1.68Z\"><\/path><\/g><\/svg>\t\t\t\t<\/span>\n\t\t\t<\/div>\n\t\t\t\n\t\t\t\t\t\t<div class=\"elementor-icon-box-content\">\n\n\t\t\t\t\t\t\t\t\t<h3 class=\"elementor-icon-box-title\">\n\t\t\t\t\t\t<span  >\n\t\t\t\t\t\t\tEducate and sensitize others:\t\t\t\t\t\t<\/span>\n\t\t\t\t\t<\/h3>\n\t\t\t\t\n\t\t\t\t\t\t\t\t\t<p class=\"elementor-icon-box-description\">\n\t\t\t\t\t\tShare these tips with friends and family. Raising awareness is a powerful tool for park conservation. \t\t\t\t\t<\/p>\n\t\t\t\t\n\t\t\t<\/div>\n\t\t\t\n\t\t<\/div>\n\t\t\t\t\t\t<\/div>\n\t\t\t\t<\/div>\n\t\t\t\t<\/div>\n\t\t\t\t\t<\/div>\n\t\t\t\t<\/div>\n\t\t<div class=\"elementor-element elementor-element-89c01df e-con-full e-flex e-con e-parent\" data-id=\"89c01df\" data-element_type=\"container\" data-settings=\"{&quot;background_background&quot;:&quot;classic&quot;,&quot;jet_parallax_layout_list&quot;:[]}\">\n\t\t\t\t<div class=\"elementor-element elementor-element-5ebf797 elementor-invisible elementor-widget elementor-widget-heading\" data-id=\"5ebf797\" data-element_type=\"widget\" data-settings=\"{&quot;_animation&quot;:&quot;fadeIn&quot;,&quot;_animation_delay&quot;:100}\" data-widget_type=\"heading.default\">\n\t\t\t\t<div class=\"elementor-widget-container\">\n\t\t\t\t\t<h2 class=\"elementor-heading-title elementor-size-default\">Malvas\u00eda, The Charm of the Cape<\/h2>\t\t\t\t<\/div>\n\t\t\t\t<\/div>\n\t\t\t\t<div class=\"elementor-element elementor-element-3c6011d elementor-invisible elementor-widget elementor-widget-heading\" data-id=\"3c6011d\" data-element_type=\"widget\" data-settings=\"{&quot;_animation&quot;:&quot;fadeIn&quot;}\" data-widget_type=\"heading.default\">\n\t\t\t\t<div class=\"elementor-widget-container\">\n\t\t\t\t\t<h3 class=\"elementor-heading-title elementor-size-default\">When visiting Cabo de Gata, it is crucial to remember that our actions have a direct impact on the conservation of this unique space that we love so much.<\/h3>\t\t\t\t<\/div>\n\t\t\t\t<\/div>\n\t\t\t\t<div class=\"elementor-element elementor-element-60ed6a0 elementor-invisible elementor-widget elementor-widget-text-editor\" data-id=\"60ed6a0\" data-element_type=\"widget\" data-settings=\"{&quot;_animation&quot;:&quot;fadeIn&quot;,&quot;_animation_delay&quot;:50}\" data-widget_type=\"text-editor.default\">\n\t\t\t\t<div class=\"elementor-widget-container\">\n\t\t\t\t\t\t\t\t\t<p>We invite you to learn more about Malvas\u00eda and join our efforts to preserve the Cabo de Gata-N\u00edjar Natural Park. Together, we can make a difference and ensure that this natural paradise remains a place where nature and humanity coexist in harmony. <\/p>\n\t\t\t\t\t\t\t\t<\/div>\n\t\t\t\t<\/div>\n\t\t\t\t<\/div>\n\t\t\t\t<\/div>\n\t\t","protected":false},"excerpt":{"rendered":"<p>malvas\u00eda | Take care of your park At Residencial Malvas\u00eda, we are proud to offer a dream space to live and enjoy the beauty of the Cabo de Gata-N\u00edjar Natural Park. Our development, located in a privileged environment, has been designed with sustainability and respect for the environment in mind. That is why we have [&hellip;]<\/p>\n","protected":false},"author":2,"featured_media":0,"parent":0,"menu_order":0,"comment_status":"closed","ping_status":"closed","template":"elementor_header_footer","meta":{"footnotes":""},"class_list":["post-3152","page","type-page","status-publish","hentry"],"_links":{"self":[{"href":"https:\/\/residencialmalvasia.es\/en\/wp-json\/wp\/v2\/pages\/3152","targetHints":{"allow":["GET"]}}],"collection":[{"href":"https:\/\/residencialmalvasia.es\/en\/wp-json\/wp\/v2\/pages"}],"about":[{"href":"https:\/\/residencialmalvasia.es\/en\/wp-json\/wp\/v2\/types\/page"}],"author":[{"embeddable":true,"href":"https:\/\/residencialmalvasia.es\/en\/wp-json\/wp\/v2\/users\/2"}],"replies":[{"embeddable":true,"href":"https:\/\/residencialmalvasia.es\/en\/wp-json\/wp\/v2\/comments?post=3152"}],"version-history":[{"count":0,"href":"https:\/\/residencialmalvasia.es\/en\/wp-json\/wp\/v2\/pages\/3152\/revisions"}],"wp:attachment":[{"href":"https:\/\/residencialmalvasia.es\/en\/wp-json\/wp\/v2\/media?parent=3152"}],"curies":[{"name":"wp","href":"https:\/\/api.w.org\/{rel}","templated":true}]}}